{"id":8672,"date":"2022-03-22T10:45:08","date_gmt":"2022-03-22T09:45:08","guid":{"rendered":"https:\/\/www.landwirt.com\/news\/?page_id=8672"},"modified":"2025-10-23T11:35:28","modified_gmt":"2025-10-23T09:35:28","slug":"heizen-trocknen-und-energiegewinnung-mit-hackschnitzel","status":"publish","type":"page","link":"https:\/\/www.landwirt.com\/news\/heizen-trocknen-und-energiegewinnung-mit-hackschnitzel\/","title":{"rendered":"Heizen, trocknen und Energiegewinnung mit Hackschnitzel"},"content":{"rendered":"\n<style type=\"text\/css\" data-created_by=\"avia_inline_auto\" id=\"style-css-av-l11yaros-81bbe20cb2bf47e1ddbba31be4550858\">\n.avia-section.av-l11yaros-81bbe20cb2bf47e1ddbba31be4550858{\nbackground-repeat:no-repeat;\nbackground-image:url(https:\/\/www.landwirt.com\/news\/wp-content\/uploads\/2022\/03\/holz_back.jpg);\nbackground-position:0% 0%;\nbackground-attachment:scroll;\n}\n.avia-section.av-l11yaros-81bbe20cb2bf47e1ddbba31be4550858 .av-section-color-overlay{\nopacity:0.9;\nbackground-color:#ffffff;\n}\n<\/style>\n<div id='av_section_1'  class='avia-section av-l11yaros-81bbe20cb2bf47e1ddbba31be4550858 main_color avia-section-default avia-no-border-styling  avia-builder-el-0  el_before_av_heading  avia-builder-el-first  avia-bg-style-scroll av-section-color-overlay-active container_wrap fullsize'  data-section-bg-repeat='no-repeat'><div class=\"av-section-color-overlay-wrap\"><div class=\"av-section-color-overlay\"><\/div><div class='container av-section-cont-open' ><main  role=\"main\" itemprop=\"mainContentOfPage\"  class='template-page content  av-content-full alpha units'><div class='post-entry post-entry-type-page post-entry-8672'><div class='entry-content-wrapper clearfix'>\n\n<style type=\"text\/css\" data-created_by=\"avia_inline_auto\" id=\"style-css-av-l11y72k4-0185761ecbc43fa130601291d56004df\">\n#top .av-special-heading.av-l11y72k4-0185761ecbc43fa130601291d56004df{\npadding-bottom:10px;\n}\nbody .av-special-heading.av-l11y72k4-0185761ecbc43fa130601291d56004df .av-special-heading-tag .heading-char{\nfont-size:25px;\n}\n.av-special-heading.av-l11y72k4-0185761ecbc43fa130601291d56004df .av-subheading{\nfont-size:15px;\n}\n<\/style>\n<div  class='av-special-heading av-l11y72k4-0185761ecbc43fa130601291d56004df av-special-heading-h1 blockquote modern-quote modern-centered  avia-builder-el-1  el_before_av_heading  avia-builder-el-first '><h1 class='av-special-heading-tag '  itemprop=\"headline\"  >Heizen, trocknen und Energiegewinnung mit Hackschnitzel<\/h1><div class=\"special-heading-border\"><div class=\"special-heading-inner-border\"><\/div><\/div><\/div>\n\n<style type=\"text\/css\" data-created_by=\"avia_inline_auto\" id=\"style-css-av-l11y85ea-8ed10efaa8975a9aa4dab2cd5dae0184\">\n#top .av-special-heading.av-l11y85ea-8ed10efaa8975a9aa4dab2cd5dae0184{\npadding-bottom:10px;\ncolor:#757575;\n}\nbody .av-special-heading.av-l11y85ea-8ed10efaa8975a9aa4dab2cd5dae0184 .av-special-heading-tag .heading-char{\nfont-size:25px;\n}\n.av-special-heading.av-l11y85ea-8ed10efaa8975a9aa4dab2cd5dae0184 .special-heading-inner-border{\nborder-color:#757575;\n}\n.av-special-heading.av-l11y85ea-8ed10efaa8975a9aa4dab2cd5dae0184 .av-subheading{\nfont-size:15px;\n}\n<\/style>\n<div  class='av-special-heading av-l11y85ea-8ed10efaa8975a9aa4dab2cd5dae0184 av-special-heading-h3 custom-color-heading blockquote modern-quote modern-centered  avia-builder-el-2  el_after_av_heading  avia-builder-el-last '><h3 class='av-special-heading-tag '  itemprop=\"headline\"  >Fachliches und Wissenswertes rund um Ernteguttrocknung und wirtschaftliches Beheizen von Wohn-, Stall- und Wirtschaftsgeb\u00e4ude<\/h3><div class=\"special-heading-border\"><div class=\"special-heading-inner-border\"><\/div><\/div><\/div>\n<\/div><\/div><\/main><!-- close content main element --><\/div><\/div><\/div><div id='after_section_1'  class='main_color av_default_container_wrap container_wrap fullsize'  ><div class='container av-section-cont-open' ><div class='template-page content  av-content-full alpha units'><div class='post-entry post-entry-type-page post-entry-8672'><div class='entry-content-wrapper clearfix'>\n\n<style type=\"text\/css\" data-created_by=\"avia_inline_auto\" id=\"style-css-av-l11z3676-267f678be3691c01fe08cd4103dc932d\">\n#top .av-special-heading.av-l11z3676-267f678be3691c01fe08cd4103dc932d{\npadding-bottom:10px;\ncolor:#b02b2c;\n}\nbody .av-special-heading.av-l11z3676-267f678be3691c01fe08cd4103dc932d .av-special-heading-tag .heading-char{\nfont-size:25px;\n}\n.av-special-heading.av-l11z3676-267f678be3691c01fe08cd4103dc932d .special-heading-inner-border{\nborder-color:#b02b2c;\n}\n.av-special-heading.av-l11z3676-267f678be3691c01fe08cd4103dc932d .av-subheading{\nfont-size:15px;\n}\n<\/style>\n<div  class='av-special-heading av-l11z3676-267f678be3691c01fe08cd4103dc932d av-special-heading-h2 custom-color-heading blockquote modern-quote modern-centered  avia-builder-el-3  el_after_av_section  el_before_av_hr  avia-builder-el-first '><h2 class='av-special-heading-tag '  itemprop=\"headline\"  >Aus der Praxis<\/h2><div class=\"special-heading-border\"><div class=\"special-heading-inner-border\"><\/div><\/div><\/div>\n\n<style type=\"text\/css\" data-created_by=\"avia_inline_auto\" id=\"style-css-av-l11z40ip-9a8b14b29ddd9d5d2e753cbf6c3831db\">\n#top .hr.av-l11z40ip-9a8b14b29ddd9d5d2e753cbf6c3831db{\nmargin-top:10px;\nmargin-bottom:10px;\n}\n.hr.av-l11z40ip-9a8b14b29ddd9d5d2e753cbf6c3831db .hr-inner{\nwidth:200px;\nmax-width:45%;\n}\n.hr.av-l11z40ip-9a8b14b29ddd9d5d2e753cbf6c3831db .av-seperator-icon{\ncolor:#b02b2c;\n}\n.hr.av-l11z40ip-9a8b14b29ddd9d5d2e753cbf6c3831db .av-seperator-icon.avia-svg-icon svg:first-child{\nfill:#b02b2c;\nstroke:#b02b2c;\n}\n<\/style>\n<div  class='hr av-l11z40ip-9a8b14b29ddd9d5d2e753cbf6c3831db hr-custom  avia-builder-el-4  el_after_av_heading  el_before_av_masonry_entries  avia-builder-el-last  hr-center hr-icon-yes'><span class='hr-inner inner-border-av-border-fat'><span class=\"hr-inner-style\"><\/span><\/span><span class='av-seperator-icon avia-iconfont avia-font-entypo-fontello' data-av_icon='\ue82b' data-av_iconfont='entypo-fontello' ><\/span><span class='hr-inner inner-border-av-border-fat'><span class=\"hr-inner-style\"><\/span><\/span><\/div>\n<div id='av-masonry-1' class='av-masonry av-l485h196-a130d7706cb2119cdd3d9a8ad0d72c80 noHover av-fixed-size av-large-gap av-hover-overlay-active av-masonry-animation- av-masonry-col-2 av-caption-always av-caption-style- av-masonry-entries av-orientation-square ' data-post_id=\"8672\"><div class=\"av-masonry-container isotope av-js-disabled\"><div class='av-masonry-entry isotope-item av-masonry-item-no-image all_sort hackgutheizung_sort  hackschnitzel_sort  hackschnitzelheizung_sort  hargassner_sort  heizen_sort  sauenhaltung_sort  gefluegel_sort '><\/div><a href=\"https:\/\/www.landwirt.com\/news\/strom-fuer-das-oeffentliche-netz-und-waerme-fuer-haus-und-hof\/\"  id='av-masonry-1-item-12000' data-av-masonry-item='12000' class='av-masonry-entry isotope-item post-12000 post type-post status-publish format-standard has-post-thumbnail hentry category-landwirt category-werbung category-werbung-top tag-hackgutheizung tag-hackschnitzel tag-hackschnitzelheizung tag-hargassner tag-heizen all_sort hackgutheizung_sort  hackschnitzel_sort  hackschnitzelheizung_sort  hargassner_sort  heizen_sort  av-masonry-item-with-image' title=\"hargassner vorschau\"   itemscope=\"itemscope\" itemtype=\"https:\/\/schema.org\/CreativeWork\" ><div class='av-inner-masonry-sizer'><\/div><figure class='av-inner-masonry main_color'><div class=\"av-masonry-outerimage-container\"><div class='av-masonry-image-container' style=\"background-image: url(https:\/\/www.landwirt.com\/news\/wp-content\/uploads\/2023\/05\/hargassner-vorschau-1.jpg);\"  title=\"hargassner vorschau\" ><\/div><\/div><figcaption class='av-inner-masonry-content site-background'><div class='av-inner-masonry-content-pos'><div class='av-inner-masonry-content-pos-content'><div class='avia-arrow'><\/div><h3 class='av-masonry-entry-title entry-title '  itemprop=\"headline\" >Strom f\u00fcr das \u00f6ffentliche Netz und W\u00e4rme f\u00fcr Haus und Hof<\/h3><div class='av-masonry-entry-content entry-content'  itemprop=\"text\" >Schweinemastbetrieb Eblinger aus Stephanshart (N\u00d6) hat mit der Umstellung auf ein neues Heizkonzept langfristig Energiekosten gesenkt und sich somit von weiteren Steigerungen des Strompreises entkoppelt.<\/div><span class='av-masonry-date meta-color updated'>17. Mai 2023<\/span><span class=\"av-masonry-text-sep text-sep-author\">\/<\/span><span class='av-masonry-author meta-color author'><span class='fn'>von Edith Winter<\/span><\/span><\/div><\/div><\/figcaption><\/figure><\/a><!--end av-masonry entry--><a href=\"https:\/\/www.landwirt.com\/news\/waermeversorgung-als-geschaeftsmodell\/\"  id='av-masonry-1-item-11654' data-av-masonry-item='11654' class='av-masonry-entry isotope-item post-11654 post type-post status-publish format-standard has-post-thumbnail hentry category-landwirt category-werbung category-werbung-top tag-hackgutheizung tag-hackschnitzel tag-hackschnitzelheizung tag-hargassner tag-heizen all_sort hackgutheizung_sort  hackschnitzel_sort  hackschnitzelheizung_sort  hargassner_sort  heizen_sort  av-masonry-item-with-image' title=\"Stefan Berger\"   itemscope=\"itemscope\" itemtype=\"https:\/\/schema.org\/CreativeWork\" ><div class='av-inner-masonry-sizer'><\/div><figure class='av-inner-masonry main_color'><div class=\"av-masonry-outerimage-container\"><div class='av-masonry-image-container' style=\"background-image: url(https:\/\/www.landwirt.com\/news\/wp-content\/uploads\/2022\/02\/Stefan-Berger4-1500x804.png);\"  title=\"Stefan Berger\" ><\/div><\/div><figcaption class='av-inner-masonry-content site-background'><div class='av-inner-masonry-content-pos'><div class='av-inner-masonry-content-pos-content'><div class='avia-arrow'><\/div><h3 class='av-masonry-entry-title entry-title '  itemprop=\"headline\" >W\u00e4rmeversorgung als Gesch\u00e4ftsmodell<\/h3><div class='av-masonry-entry-content entry-content'  itemprop=\"text\" >Landwirt Stefan Berger ist Fernw\u00e4rmelieferant in Seeon-Seebruck (Oberbayern)<\/div><span class='av-masonry-date meta-color updated'>3. M\u00e4rz 2023<\/span><span class=\"av-masonry-text-sep text-sep-author\">\/<\/span><span class='av-masonry-author meta-color author'><span class='fn'>von Edith Winter<\/span><\/span><\/div><\/div><\/figcaption><\/figure><\/a><!--end av-masonry entry--><a href=\"https:\/\/www.landwirt.com\/news\/wirtschaftliches-trocknen-und-heizen-am-betrieb-mielinger\/\"  id='av-masonry-1-item-9776' data-av-masonry-item='9776' class='av-masonry-entry isotope-item post-9776 post type-post status-publish format-standard has-post-thumbnail hentry category-landwirt category-werbung category-werbung-top tag-hackgutheizung tag-hackschnitzel tag-hackschnitzelheizung tag-hargassner tag-heizen tag-sauenhaltung all_sort hackgutheizung_sort  hackschnitzel_sort  hackschnitzelheizung_sort  hargassner_sort  heizen_sort  sauenhaltung_sort  av-masonry-item-with-image' title=\"DSCF2790\"   itemscope=\"itemscope\" itemtype=\"https:\/\/schema.org\/CreativeWork\" ><div class='av-inner-masonry-sizer'><\/div><figure class='av-inner-masonry main_color'><div class=\"av-masonry-outerimage-container\"><div class='av-masonry-image-container' style=\"background-image: url(https:\/\/www.landwirt.com\/news\/wp-content\/uploads\/2022\/03\/DSCF2790-1500x1000.jpg);\"  title=\"DSCF2790\" ><\/div><\/div><figcaption class='av-inner-masonry-content site-background'><div class='av-inner-masonry-content-pos'><div class='av-inner-masonry-content-pos-content'><div class='avia-arrow'><\/div><h3 class='av-masonry-entry-title entry-title '  itemprop=\"headline\" >Wirtschaftliches Trocknen und Heizen am Betrieb Mielinger<\/h3><div class='av-masonry-entry-content entry-content'  itemprop=\"text\" >Lohnunternehmer und Landwirt Martin Mielinger, Weibern (O\u00d6), setzt im Zuge eines Neubaus auf Hackschnitzel als W\u00e4rmeenergiequelle<\/div><span class='av-masonry-date meta-color updated'>29. Juli 2022<\/span><span class=\"av-masonry-text-sep text-sep-author\">\/<\/span><span class='av-masonry-author meta-color author'><span class='fn'>von Edith Winter<\/span><\/span><\/div><\/div><\/figcaption><\/figure><\/a><!--end av-masonry entry--><a href=\"https:\/\/www.landwirt.com\/news\/veredelungsbetrieb-heizt-mit-hackschnitzel\/\"  id='av-masonry-1-item-9917' data-av-masonry-item='9917' class='av-masonry-entry isotope-item post-9917 post type-post status-publish format-standard has-post-thumbnail hentry category-landwirt category-werbung category-werbung-top tag-hackgutheizung tag-hackschnitzelheizung tag-hargassner tag-heizen tag-sauenhaltung all_sort hackgutheizung_sort  hackschnitzelheizung_sort  hargassner_sort  heizen_sort  sauenhaltung_sort  av-masonry-item-with-image' title=\"DSCF2784\"   itemscope=\"itemscope\" itemtype=\"https:\/\/schema.org\/CreativeWork\" ><div class='av-inner-masonry-sizer'><\/div><figure class='av-inner-masonry main_color'><div class=\"av-masonry-outerimage-container\"><div class='av-masonry-image-container' style=\"background-image: url(https:\/\/www.landwirt.com\/news\/wp-content\/uploads\/2022\/06\/DSCF2784-1500x1000.jpg);\"  title=\"DSCF2784\" ><\/div><\/div><figcaption class='av-inner-masonry-content site-background'><div class='av-inner-masonry-content-pos'><div class='av-inner-masonry-content-pos-content'><div class='avia-arrow'><\/div><h3 class='av-masonry-entry-title entry-title '  itemprop=\"headline\" >Veredelungsbetrieb heizt mit Hackschnitzel<\/h3><div class='av-masonry-entry-content entry-content'  itemprop=\"text\" >Vierseithof in Rotthalm\u00fcnster (DE): Schweinemastbetrieb und Ackerbauer r\u00fcstete Betrieb v\u00f6llig um. Das neue Heizkonzept kommt  auch dem Tierwohl zugute.<\/div><span class='av-masonry-date meta-color updated'>15. Juli 2022<\/span><span class=\"av-masonry-text-sep text-sep-author\">\/<\/span><span class='av-masonry-author meta-color author'><span class='fn'>von Edith Winter<\/span><\/span><\/div><\/div><\/figcaption><\/figure><\/a><!--end av-masonry entry--><a href=\"https:\/\/www.landwirt.com\/news\/wimberg-gmbh-setzt-auf-bts-und-fussbodenheizung-in-der-gefluegelmast\/\"  id='av-masonry-1-item-9697' data-av-masonry-item='9697' class='av-masonry-entry isotope-item post-9697 post type-post status-publish format-standard has-post-thumbnail hentry category-landwirt category-werbung category-werbung-top tag-gefluegel tag-hackgutheizung tag-hackschnitzel tag-hackschnitzelheizung tag-hargassner tag-heizen all_sort gefluegel_sort  hackgutheizung_sort  hackschnitzel_sort  hackschnitzelheizung_sort  hargassner_sort  heizen_sort  av-masonry-item-with-image' title=\"DSCF2799\"   itemscope=\"itemscope\" itemtype=\"https:\/\/schema.org\/CreativeWork\" ><div class='av-inner-masonry-sizer'><\/div><figure class='av-inner-masonry main_color'><div class=\"av-masonry-outerimage-container\"><div class='av-masonry-image-container' style=\"background-image: url(https:\/\/www.landwirt.com\/news\/wp-content\/uploads\/2022\/03\/DSCF2799-1500x1000.jpg);\"  title=\"DSCF2799\" ><\/div><\/div><figcaption class='av-inner-masonry-content site-background'><div class='av-inner-masonry-content-pos'><div class='av-inner-masonry-content-pos-content'><div class='avia-arrow'><\/div><h3 class='av-masonry-entry-title entry-title '  itemprop=\"headline\" >Wimberg GmbH setzt auf \u201eBTS\u201c und Fu\u00dfbodenheizung in der Gefl\u00fcgelmast<\/h3><div class='av-masonry-entry-content entry-content'  itemprop=\"text\" >In Weng (O\u00d6) werden 40.000 H\u00fchner nach \u201eBTS-Konzept\u201c (besonders tierfreundliches Stallhaltungssystem) gehalten<\/div><span class='av-masonry-date meta-color updated'>7. Juli 2022<\/span><span class=\"av-masonry-text-sep text-sep-author\">\/<\/span><span class='av-masonry-author meta-color author'><span class='fn'>von Edith Winter<\/span><\/span><\/div><\/div><\/figcaption><\/figure><\/a><!--end av-masonry entry--><a href=\"https:\/\/www.landwirt.com\/news\/gefluegelmastbetrieb-poemmer-stellt-heizsystem-um\/\"  id='av-masonry-1-item-8604' data-av-masonry-item='8604' class='av-masonry-entry isotope-item post-8604 post type-post status-publish format-standard has-post-thumbnail hentry category-landwirt category-werbung category-werbung-top tag-gefluegel tag-hackgutheizung tag-hackschnitzel tag-hackschnitzelheizung tag-hargassner tag-heizen all_sort gefluegel_sort  hackgutheizung_sort  hackschnitzel_sort  hackschnitzelheizung_sort  hargassner_sort  heizen_sort  av-masonry-item-with-image' title=\"Screenshot 2022-03-16 160822_\"   itemscope=\"itemscope\" itemtype=\"https:\/\/schema.org\/CreativeWork\" ><div class='av-inner-masonry-sizer'><\/div><figure class='av-inner-masonry main_color'><div class=\"av-masonry-outerimage-container\"><div class='av-masonry-image-container' style=\"background-image: url(https:\/\/www.landwirt.com\/news\/wp-content\/uploads\/2022\/03\/Screenshot-2022-03-16-160822_.png);\"  title=\"Screenshot 2022-03-16 160822_\" ><\/div><\/div><figcaption class='av-inner-masonry-content site-background'><div class='av-inner-masonry-content-pos'><div class='av-inner-masonry-content-pos-content'><div class='avia-arrow'><\/div><h3 class='av-masonry-entry-title entry-title '  itemprop=\"headline\" >Gefl\u00fcgelmastbetrieb P\u00f6mmer stellte Heizsystem um<\/h3><div class='av-masonry-entry-content entry-content'  itemprop=\"text\" >Warum Fl\u00fcssiggas immer mehr scheitert und Hackschnitzel als Heizform an Bedeutung gewinnen.<\/div><span class='av-masonry-date meta-color updated'>1. Juli 2022<\/span><span class=\"av-masonry-text-sep text-sep-author\">\/<\/span><span class='av-masonry-author meta-color author'><span class='fn'>von Edith Winter<\/span><\/span><\/div><\/div><\/figcaption><\/figure><\/a><!--end av-masonry entry--><\/div><\/div>\n","protected":false},"excerpt":{"rendered":"","protected":false},"author":3,"featured_media":0,"parent":0,"menu_order":7,"comment_status":"closed","ping_status":"closed","template":"","meta":{"footnotes":""},"class_list":["post-8672","page","type-page","status-publish","hentry"],"yoast_head":"<!-- This site is optimized with the Yoast SEO plugin v27.5 - https:\/\/yoast.com\/product\/yoast-seo-wordpress\/ -->\n<title>Heizen, trocknen und Energiegewinnung mit Hackschnitzel - Landwirt.com News<\/title>\n<meta name=\"robots\" content=\"index, follow, max-snippet:-1, max-image-preview:large, max-video-preview:-1\" \/>\n<meta property=\"og:locale\" content=\"de_DE\" \/>\n<meta property=\"og:type\" content=\"article\" \/>\n<meta property=\"og:title\" content=\"Heizen, trocknen und Energiegewinnung mit Hackschnitzel - Landwirt.com News\" \/>\n<meta property=\"og:url\" content=\"https:\/\/www.landwirt.com\/news\/heizen-trocknen-und-energiegewinnung-mit-hackschnitzel\/\" \/>\n<meta property=\"og:site_name\" content=\"Landwirt.com News\" \/>\n<meta property=\"article:modified_time\" content=\"2025-10-23T09:35:28+00:00\" \/>\n<meta name=\"twitter:card\" content=\"summary_large_image\" \/>\n<meta name=\"twitter:label1\" content=\"Gesch\u00e4tzte Lesezeit\" \/>\n\t<meta name=\"twitter:data1\" content=\"2 Minuten\" \/>\n<script type=\"application\/ld+json\" class=\"yoast-schema-graph\">{\"@context\":\"https:\\\/\\\/schema.org\",\"@graph\":[{\"@type\":\"WebPage\",\"@id\":\"https:\\\/\\\/www.landwirt.com\\\/news\\\/heizen-trocknen-und-energiegewinnung-mit-hackschnitzel\\\/\",\"url\":\"https:\\\/\\\/www.landwirt.com\\\/news\\\/heizen-trocknen-und-energiegewinnung-mit-hackschnitzel\\\/\",\"name\":\"Heizen, trocknen und Energiegewinnung mit Hackschnitzel - Landwirt.com News\",\"isPartOf\":{\"@id\":\"https:\\\/\\\/www.landwirt.com\\\/news\\\/#website\"},\"datePublished\":\"2022-03-22T09:45:08+00:00\",\"dateModified\":\"2025-10-23T09:35:28+00:00\",\"breadcrumb\":{\"@id\":\"https:\\\/\\\/www.landwirt.com\\\/news\\\/heizen-trocknen-und-energiegewinnung-mit-hackschnitzel\\\/#breadcrumb\"},\"inLanguage\":\"de-AT\",\"potentialAction\":[{\"@type\":\"ReadAction\",\"target\":[\"https:\\\/\\\/www.landwirt.com\\\/news\\\/heizen-trocknen-und-energiegewinnung-mit-hackschnitzel\\\/\"]}]},{\"@type\":\"BreadcrumbList\",\"@id\":\"https:\\\/\\\/www.landwirt.com\\\/news\\\/heizen-trocknen-und-energiegewinnung-mit-hackschnitzel\\\/#breadcrumb\",\"itemListElement\":[{\"@type\":\"ListItem\",\"position\":1,\"name\":\"Home\",\"item\":\"https:\\\/\\\/www.landwirt.com\\\/news\\\/home\\\/\"},{\"@type\":\"ListItem\",\"position\":2,\"name\":\"Heizen, trocknen und Energiegewinnung mit Hackschnitzel\"}]},{\"@type\":\"WebSite\",\"@id\":\"https:\\\/\\\/www.landwirt.com\\\/news\\\/#website\",\"url\":\"https:\\\/\\\/www.landwirt.com\\\/news\\\/\",\"name\":\"Landwirt.com News\",\"description\":\"Landwirt.com News\",\"publisher\":{\"@id\":\"https:\\\/\\\/www.landwirt.com\\\/news\\\/#organization\"},\"potentialAction\":[{\"@type\":\"SearchAction\",\"target\":{\"@type\":\"EntryPoint\",\"urlTemplate\":\"https:\\\/\\\/www.landwirt.com\\\/news\\\/?s={search_term_string}\"},\"query-input\":{\"@type\":\"PropertyValueSpecification\",\"valueRequired\":true,\"valueName\":\"search_term_string\"}}],\"inLanguage\":\"de-AT\"},{\"@type\":\"Organization\",\"@id\":\"https:\\\/\\\/www.landwirt.com\\\/news\\\/#organization\",\"name\":\"LANDWIRT.COM GMBH\",\"url\":\"https:\\\/\\\/www.landwirt.com\\\/news\\\/\",\"logo\":{\"@type\":\"ImageObject\",\"inLanguage\":\"de-AT\",\"@id\":\"https:\\\/\\\/www.landwirt.com\\\/news\\\/#\\\/schema\\\/logo\\\/image\\\/\",\"url\":\"https:\\\/\\\/www.landwirt.com\\\/news\\\/wp-content\\\/uploads\\\/2020\\\/02\\\/LW-logo.png\",\"contentUrl\":\"https:\\\/\\\/www.landwirt.com\\\/news\\\/wp-content\\\/uploads\\\/2020\\\/02\\\/LW-logo.png\",\"width\":250,\"height\":58,\"caption\":\"LANDWIRT.COM GMBH\"},\"image\":{\"@id\":\"https:\\\/\\\/www.landwirt.com\\\/news\\\/#\\\/schema\\\/logo\\\/image\\\/\"}}]}<\/script>\n<!-- \/ Yoast SEO plugin. -->","yoast_head_json":{"title":"Heizen, trocknen und Energiegewinnung mit Hackschnitzel - Landwirt.com News","robots":{"index":"index","follow":"follow","max-snippet":"max-snippet:-1","max-image-preview":"max-image-preview:large","max-video-preview":"max-video-preview:-1"},"og_locale":"de_DE","og_type":"article","og_title":"Heizen, trocknen und Energiegewinnung mit Hackschnitzel - Landwirt.com News","og_url":"https:\/\/www.landwirt.com\/news\/heizen-trocknen-und-energiegewinnung-mit-hackschnitzel\/","og_site_name":"Landwirt.com News","article_modified_time":"2025-10-23T09:35:28+00:00","twitter_card":"summary_large_image","twitter_misc":{"Gesch\u00e4tzte Lesezeit":"2 Minuten"},"schema":{"@context":"https:\/\/schema.org","@graph":[{"@type":"WebPage","@id":"https:\/\/www.landwirt.com\/news\/heizen-trocknen-und-energiegewinnung-mit-hackschnitzel\/","url":"https:\/\/www.landwirt.com\/news\/heizen-trocknen-und-energiegewinnung-mit-hackschnitzel\/","name":"Heizen, trocknen und Energiegewinnung mit Hackschnitzel - Landwirt.com News","isPartOf":{"@id":"https:\/\/www.landwirt.com\/news\/#website"},"datePublished":"2022-03-22T09:45:08+00:00","dateModified":"2025-10-23T09:35:28+00:00","breadcrumb":{"@id":"https:\/\/www.landwirt.com\/news\/heizen-trocknen-und-energiegewinnung-mit-hackschnitzel\/#breadcrumb"},"inLanguage":"de-AT","potentialAction":[{"@type":"ReadAction","target":["https:\/\/www.landwirt.com\/news\/heizen-trocknen-und-energiegewinnung-mit-hackschnitzel\/"]}]},{"@type":"BreadcrumbList","@id":"https:\/\/www.landwirt.com\/news\/heizen-trocknen-und-energiegewinnung-mit-hackschnitzel\/#breadcrumb","itemListElement":[{"@type":"ListItem","position":1,"name":"Home","item":"https:\/\/www.landwirt.com\/news\/home\/"},{"@type":"ListItem","position":2,"name":"Heizen, trocknen und Energiegewinnung mit Hackschnitzel"}]},{"@type":"WebSite","@id":"https:\/\/www.landwirt.com\/news\/#website","url":"https:\/\/www.landwirt.com\/news\/","name":"Landwirt.com News","description":"Landwirt.com News","publisher":{"@id":"https:\/\/www.landwirt.com\/news\/#organization"},"potentialAction":[{"@type":"SearchAction","target":{"@type":"EntryPoint","urlTemplate":"https:\/\/www.landwirt.com\/news\/?s={search_term_string}"},"query-input":{"@type":"PropertyValueSpecification","valueRequired":true,"valueName":"search_term_string"}}],"inLanguage":"de-AT"},{"@type":"Organization","@id":"https:\/\/www.landwirt.com\/news\/#organization","name":"LANDWIRT.COM GMBH","url":"https:\/\/www.landwirt.com\/news\/","logo":{"@type":"ImageObject","inLanguage":"de-AT","@id":"https:\/\/www.landwirt.com\/news\/#\/schema\/logo\/image\/","url":"https:\/\/www.landwirt.com\/news\/wp-content\/uploads\/2020\/02\/LW-logo.png","contentUrl":"https:\/\/www.landwirt.com\/news\/wp-content\/uploads\/2020\/02\/LW-logo.png","width":250,"height":58,"caption":"LANDWIRT.COM GMBH"},"image":{"@id":"https:\/\/www.landwirt.com\/news\/#\/schema\/logo\/image\/"}}]}},"_links":{"self":[{"href":"https:\/\/www.landwirt.com\/news\/wp-json\/wp\/v2\/pages\/8672","targetHints":{"allow":["GET"]}}],"collection":[{"href":"https:\/\/www.landwirt.com\/news\/wp-json\/wp\/v2\/pages"}],"about":[{"href":"https:\/\/www.landwirt.com\/news\/wp-json\/wp\/v2\/types\/page"}],"author":[{"embeddable":true,"href":"https:\/\/www.landwirt.com\/news\/wp-json\/wp\/v2\/users\/3"}],"replies":[{"embeddable":true,"href":"https:\/\/www.landwirt.com\/news\/wp-json\/wp\/v2\/comments?post=8672"}],"version-history":[{"count":15,"href":"https:\/\/www.landwirt.com\/news\/wp-json\/wp\/v2\/pages\/8672\/revisions"}],"predecessor-version":[{"id":13010,"href":"https:\/\/www.landwirt.com\/news\/wp-json\/wp\/v2\/pages\/8672\/revisions\/13010"}],"wp:attachment":[{"href":"https:\/\/www.landwirt.com\/news\/wp-json\/wp\/v2\/media?parent=8672"}],"curies":[{"name":"wp","href":"https:\/\/api.w.org\/{rel}","templated":true}]}}