{"id":6568,"date":"2021-06-29T12:12:19","date_gmt":"2021-06-29T10:12:19","guid":{"rendered":"https:\/\/www.landwirt.com\/news\/?page_id=6568"},"modified":"2025-10-23T11:35:28","modified_gmt":"2025-10-23T09:35:28","slug":"mobile","status":"publish","type":"page","link":"https:\/\/www.landwirt.com\/news\/mobile\/","title":{"rendered":"Suchen, finden und inserieren mit der Landwirt.com App"},"content":{"rendered":"\n<style type=\"text\/css\" data-created_by=\"avia_inline_auto\" id=\"style-css-av-kqhw4zfo-eb144634eb43e79b500c6440c6f6add0\">\n#top .av-special-heading.av-kqhw4zfo-eb144634eb43e79b500c6440c6f6add0{\npadding-bottom:10px;\n}\nbody .av-special-heading.av-kqhw4zfo-eb144634eb43e79b500c6440c6f6add0 .av-special-heading-tag .heading-char{\nfont-size:25px;\n}\n.av-special-heading.av-kqhw4zfo-eb144634eb43e79b500c6440c6f6add0 .av-subheading{\nfont-size:15px;\n}\n<\/style>\n<div  class='av-special-heading av-kqhw4zfo-eb144634eb43e79b500c6440c6f6add0 av-special-heading-h1 blockquote modern-quote modern-centered  avia-builder-el-0  el_before_av_hr  avia-builder-el-first '><h1 class='av-special-heading-tag '  itemprop=\"headline\"  >Suchen, finden und inserieren mit der Landwirt.com App<\/h1><div class=\"special-heading-border\"><div class=\"special-heading-inner-border\"><\/div><\/div><\/div>\n<div  class='hr av-5pq1q0-6245e6d0e6b3cb7608a80a98ccb30fbd hr-default  avia-builder-el-1  el_after_av_heading  el_before_av_one_half '><span class='hr-inner '><span class=\"hr-inner-style\"><\/span><\/span><\/div>\n\n<style type=\"text\/css\" data-created_by=\"avia_inline_auto\" id=\"style-css-av-3xjipk-e0085e126a07aff8c2ad9d06bf502723\">\n.flex_column.av-3xjipk-e0085e126a07aff8c2ad9d06bf502723{\nborder-radius:0px 0px 0px 0px;\npadding:0px 0px 0px 0px;\n}\n<\/style>\n<div  class='flex_column av-3xjipk-e0085e126a07aff8c2ad9d06bf502723 av_one_half  avia-builder-el-2  el_after_av_hr  el_before_av_one_half  first flex_column_div av-zero-column-padding  '     ><style type=\"text\/css\" data-created_by=\"avia_inline_auto\" id=\"style-css-av-kqi0rn2h-91937a3d81d411b68653e48c729048df\">\n.avia-image-container.av-kqi0rn2h-91937a3d81d411b68653e48c729048df img.avia_image{\nbox-shadow:none;\n}\n.avia-image-container.av-kqi0rn2h-91937a3d81d411b68653e48c729048df .av-image-caption-overlay-center{\ncolor:#ffffff;\n}\n<\/style>\n<div  class='avia-image-container av-kqi0rn2h-91937a3d81d411b68653e48c729048df av-styling- avia-align-center  avia-builder-el-3  avia-builder-el-no-sibling '   itemprop=\"image\" itemscope=\"itemscope\" itemtype=\"https:\/\/schema.org\/ImageObject\" ><div class=\"avia-image-container-inner\"><div class=\"avia-image-overlay-wrap\"><img decoding=\"async\" fetchpriority=\"high\" class='wp-image-6575 avia-img-lazy-loading-not-6575 avia_image ' src=\"https:\/\/www.landwirt.com\/news\/wp-content\/uploads\/2021\/06\/screens1.png\" alt='' title='screens1'  height=\"350\" width=\"415\"  itemprop=\"thumbnailUrl\" srcset=\"https:\/\/www.landwirt.com\/news\/wp-content\/uploads\/2021\/06\/screens1.png 415w, https:\/\/www.landwirt.com\/news\/wp-content\/uploads\/2021\/06\/screens1-300x253.png 300w\" sizes=\"(max-width: 415px) 100vw, 415px\" \/><\/div><\/div><\/div><\/div>\n\n<style type=\"text\/css\" data-created_by=\"avia_inline_auto\" id=\"style-css-av-3913qg-10682babada1253bbc8c8191d96d51b2\">\n.flex_column.av-3913qg-10682babada1253bbc8c8191d96d51b2{\nborder-radius:0px 0px 0px 0px;\npadding:0px 0px 0px 0px;\n}\n<\/style>\n<div  class='flex_column av-3913qg-10682babada1253bbc8c8191d96d51b2 av_one_half  avia-builder-el-4  el_after_av_one_half  el_before_av_textblock  flex_column_div av-zero-column-padding  '     ><section  class='av_textblock_section av-kqhw4q9r-1b77c192230883c10aec0d9bdcd94983 '   itemscope=\"itemscope\" itemtype=\"https:\/\/schema.org\/CreativeWork\" ><div class='avia_textblock'  itemprop=\"text\" ><div class=\"row element element_11\">\n<div class=\"contentbox11 col-md-12\">\n<div class=\"boxheader\">\n<h3>Suchen, finden und inserieren mit der Landwirt.com App \u2013 DEM Online-Marktplatz f\u00fcr die Landwirtschaft!<\/h3>\n<\/div>\n<div><\/div>\n<div class=\"bildlink\">Die <b>ganze Welt von Landwirt.com<\/b>\u00a0findet sich praktisch und kompakt verpackt in einer App \u2013 der Landwirt.com App. In unserer schnelllebigen Zeit sind Smartphones und andere mobile Endger\u00e4te nicht mehr wegzudenken. Wer etwas verkaufen will, m\u00f6chte dies zumeist so schnell wie m\u00f6glich tun \u2013 und das betrifft nicht nur den Verkauf an sich, sondern auch den Aufgabeprozess des Inserates. Dasselbe gilt f\u00fcr Suchende \u2013 ben\u00f6tigt man etwa ein Ersatzteil f\u00fcr eine Maschine, so braucht man dieses meist schnell. Warum also nicht das Handy nutzen, das immer griffbereit ist?<\/div>\n<p>Die\u00a0<b>Landwirt.com App<\/b>\u00a0wartet sowohl im iOS Store als auch in Google Play mit tollen Features auf: Von der\u00a0<i>ultraleichten, superschnellen und kostenlosen Kleinanzeigen-Aufgabe<\/i>\u00a0(f\u00fcr Privatpersonen) bis zur\u00a0<i>detaillierten Veranschaulichung von Top-Gebrauchtmaschinen aus der unmittelbaren Umgebung<\/i>\u00a0\u2013 sowohl Verk\u00e4ufer als auch K\u00e4ufer kommen hier voll auf ihre Kosten. Und das bei\u00a0<b>kostenloser Nutzung der App<\/b>!<\/p>\n<\/div>\n<\/div>\n<\/div><\/section><\/div>\n<section  class='av_textblock_section av-kqi0ryen-2f554706f3da3388f0c62baed2699570 '   itemscope=\"itemscope\" itemtype=\"https:\/\/schema.org\/CreativeWork\" ><div class='avia_textblock'  itemprop=\"text\" ><div class=\"row element element_11\">\n<div class=\"contentbox11 col-md-12\">\n<div class=\"boxheader\"><\/div>\n<p><span style=\"font-size: 20px; font-weight: 600;\">Die Vorteile auf einem Blick&#8230;<\/span><\/p>\n<\/div>\n<\/div>\n<div class=\"row element element_11\">\n<div class=\"contentbox11 col-md-12\">\n<ul>\n<li>Kostenlose Nutzung der App<\/li>\n<li>Mehr als 25.000 Kleinanzeigen und 60.000 Angebote im Gebrauchtmaschinenmarkt<\/li>\n<li>Kategorien wie Traktoren, Traktorzubeh\u00f6r, gebrauchte Landmaschinen, Futtermittel, Tiere usw.<\/li>\n<li>Einfache, schnelle und kostenlose Kleinanzeigenaufgabe (f\u00fcr Privatpersonen)<\/li>\n<li>Ergebnisse durch die innovative Suchmaschine nach Belieben filtern<\/li>\n<li>Angebote aus \u00d6sterreich, Deutschland, Ungarn, Slowenien, Italien und der Schweiz<\/li>\n<li>Personalisierter Bereich \u201eMein Landwirt\u201c f\u00fcr eigene Merklisten, die Verwaltung von Inseraten usw.<\/li>\n<li>Alle Bereiche von Landwirt.com mit wenigen Klicks durchst\u00f6bern<\/li>\n<\/ul>\n<\/div>\n<\/div>\n<div class=\"clearfix\"><\/div>\n<div class=\"row element element_18\">\n<div><\/div>\n<h3 class=\"contentbox18\"><span style=\"font-size: 20px; font-weight: 600;\">Was unseren Usern besonders gef\u00e4llt\u2026<\/span><\/h3>\n<\/div>\n<div class=\"row element element_11\">\n<div class=\"contentbox11 col-md-12\">\n<p>Ist die eigene Kleinanzeige noch online oder bereits inaktiv? Soll diese mit wenig Aufwand verl\u00e4ngert werden? Oder aber das Objekt wurde bereits verkauft und das Inserat soll schnell deaktiviert werden? Alles kein Problem \u2013 unter \u201e<b>Meine Kleinanzeigen<\/b>\u201c lassen sich die eigenen Inserate einfach und schnell verwalten.<\/p>\n<p>\u201e<b>Meine Merkliste<\/b>\u201c \u2013 Top-Kleinanzeigen und Gebrauchtmaschinen zur pers\u00f6nlichen Liste hinzuf\u00fcgen und schnell wiederfinden.<\/p>\n<p>Lieblingsh\u00e4ndler zu \u201e<b>Meine H\u00e4ndler<\/b>\u201c hinzuf\u00fcgen und deren Angebote direkt auf der Startseite der App angezeigt bekommen.<\/p>\n<p>Angebote aus der unmittelbaren Umgebung ausgeben lassen \u2013 der Standort wird auf der Detailseite der Anzeige praktisch auf der Karte angezeigt.<\/p>\n<p>K\u00e4ufer und Verk\u00e4ufer k\u00f6nnen \u00fcber die App ganz einfach miteinander in Kontakt treten.<\/p>\n<p>Einfache Bedienung, \u00fcbersichtliche Oberfl\u00e4che.<\/p>\n<\/div>\n<\/div>\n<div class=\"clearfix\"><\/div>\n<div class=\"row element element_11\">\n<div class=\"contentbox11 col-md-12\">\n<div class=\"boxheader\">\n<h3>Die ganze Welt von Landwirt.com<\/h3>\n<\/div>\n<div><\/div>\n<div class=\"bildlink\">Schnell mal in die App geschaut und alles gefunden, was man braucht!<\/div>\n<p><b>Kleinanzeigen<\/b><br \/>\nSchnell und einfach kaufen und verkaufen (Klick auf \u201eKleinanzeige aufgeben\u201c, Foto machen, Text eingeben und Anzeige abschicken).<br \/>\nGezielt nach Kleinanzeigen, Angeboten und Schn\u00e4ppchen in der Umgebung (im Umkreis von 0 bis 500 km) suchen.<\/p>\n<p><b>Gebrauchtmaschinenmarkt<\/b><br \/>\nTop-Angebote finden \u2013 mit Hilfe der \u00fcbersichtlichen Suchmaschine (Suchkriterien wie Marke, Preis, PS \/ kW, Baujahr, Betriebsstunden, Bereifung, Arbeitsbreite usw.).<br \/>\nLieblingsh\u00e4ndler markieren und dessen Angebote direkt auf der Startseite angezeigt bekommen.<\/p>\n<p><b>Und\u2026<\/b><i><br \/>\n&#8211; Lohnarbeit-Anbieter<\/i>\u00a0in der direkten Umgebung finden<i><br \/>\n&#8211; Landwirt.com Videos<\/i>\u00a0direkt in der App ansehen \u2013 Praxistests, Fahrberichte usw.<i><br \/>\n&#8211; Agrar-News<\/i>: Die wichtigsten Neuigkeiten aus der Landwirtschaft im \u00dcberblick<i><br \/>\n&#8211; Fotowettbewerb<\/i>: Teilnehmen und f\u00fcr den Favoriten abstimmen leicht gemacht<i><br \/>\n&#8211; Live Videos<\/i>: Mit einer tollen Kombination aus Spannung und Information pr\u00e4sentiert das Team von Landwirt.com die neusten Trends und berichtet live von landwirtschaftlichen Events<br \/>\n<b><br \/>\nJetzt App downloaden und in unsere Welt eintauchen \u2013 immer und \u00fcberall:<\/b><\/p>\n<ul>\n<li><a href=\"https:\/\/itunes.apple.com\/at\/app\/landwirt-com-gebrauchtmaschinen\/id388393694?mt=8\">iPhone<\/a><\/li>\n<li><a href=\"https:\/\/play.google.com\/store\/apps\/details?id=com.landwirt&amp;feature=search_result#?t=W251bGwsMSwxLDEsImNvbS5sYW5kd2lydCJd\">Android<\/a><\/li>\n<li><a href=\"https:\/\/appgallery.huawei.com\/#\/app\/C103300001\" target=\"_blank\" rel=\"noopener\">Huawei<\/a><\/li>\n<\/ul>\n<\/div>\n<\/div>\n<\/div><\/section>\n","protected":false},"excerpt":{"rendered":"","protected":false},"author":3,"featured_media":0,"parent":0,"menu_order":10,"comment_status":"closed","ping_status":"closed","template":"","meta":{"footnotes":""},"class_list":["post-6568","page","type-page","status-publish","hentry"],"yoast_head":"<!-- This site is optimized with the Yoast SEO plugin v27.5 - https:\/\/yoast.com\/product\/yoast-seo-wordpress\/ -->\n<title>Suchen, finden und inserieren mit der Landwirt.com App - Landwirt.com News<\/title>\n<meta name=\"robots\" content=\"index, follow, max-snippet:-1, max-image-preview:large, max-video-preview:-1\" \/>\n<meta property=\"og:locale\" content=\"de_DE\" \/>\n<meta property=\"og:type\" content=\"article\" \/>\n<meta property=\"og:title\" content=\"Suchen, finden und inserieren mit der Landwirt.com App - Landwirt.com News\" \/>\n<meta property=\"og:url\" content=\"https:\/\/www.landwirt.com\/news\/mobile\/\" \/>\n<meta property=\"og:site_name\" content=\"Landwirt.com News\" \/>\n<meta property=\"article:modified_time\" content=\"2025-10-23T09:35:28+00:00\" \/>\n<meta name=\"twitter:card\" content=\"summary_large_image\" \/>\n<meta name=\"twitter:label1\" content=\"Gesch\u00e4tzte Lesezeit\" \/>\n\t<meta name=\"twitter:data1\" content=\"4 Minuten\" \/>\n<script type=\"application\/ld+json\" class=\"yoast-schema-graph\">{\"@context\":\"https:\\\/\\\/schema.org\",\"@graph\":[{\"@type\":\"WebPage\",\"@id\":\"https:\\\/\\\/www.landwirt.com\\\/news\\\/mobile\\\/\",\"url\":\"https:\\\/\\\/www.landwirt.com\\\/news\\\/mobile\\\/\",\"name\":\"Suchen, finden und inserieren mit der Landwirt.com App - Landwirt.com News\",\"isPartOf\":{\"@id\":\"https:\\\/\\\/www.landwirt.com\\\/news\\\/#website\"},\"datePublished\":\"2021-06-29T10:12:19+00:00\",\"dateModified\":\"2025-10-23T09:35:28+00:00\",\"breadcrumb\":{\"@id\":\"https:\\\/\\\/www.landwirt.com\\\/news\\\/mobile\\\/#breadcrumb\"},\"inLanguage\":\"de-AT\",\"potentialAction\":[{\"@type\":\"ReadAction\",\"target\":[\"https:\\\/\\\/www.landwirt.com\\\/news\\\/mobile\\\/\"]}]},{\"@type\":\"BreadcrumbList\",\"@id\":\"https:\\\/\\\/www.landwirt.com\\\/news\\\/mobile\\\/#breadcrumb\",\"itemListElement\":[{\"@type\":\"ListItem\",\"position\":1,\"name\":\"Home\",\"item\":\"https:\\\/\\\/www.landwirt.com\\\/news\\\/home\\\/\"},{\"@type\":\"ListItem\",\"position\":2,\"name\":\"Suchen, finden und inserieren mit der Landwirt.com App\"}]},{\"@type\":\"WebSite\",\"@id\":\"https:\\\/\\\/www.landwirt.com\\\/news\\\/#website\",\"url\":\"https:\\\/\\\/www.landwirt.com\\\/news\\\/\",\"name\":\"Landwirt.com News\",\"description\":\"Landwirt.com News\",\"publisher\":{\"@id\":\"https:\\\/\\\/www.landwirt.com\\\/news\\\/#organization\"},\"potentialAction\":[{\"@type\":\"SearchAction\",\"target\":{\"@type\":\"EntryPoint\",\"urlTemplate\":\"https:\\\/\\\/www.landwirt.com\\\/news\\\/?s={search_term_string}\"},\"query-input\":{\"@type\":\"PropertyValueSpecification\",\"valueRequired\":true,\"valueName\":\"search_term_string\"}}],\"inLanguage\":\"de-AT\"},{\"@type\":\"Organization\",\"@id\":\"https:\\\/\\\/www.landwirt.com\\\/news\\\/#organization\",\"name\":\"LANDWIRT.COM GMBH\",\"url\":\"https:\\\/\\\/www.landwirt.com\\\/news\\\/\",\"logo\":{\"@type\":\"ImageObject\",\"inLanguage\":\"de-AT\",\"@id\":\"https:\\\/\\\/www.landwirt.com\\\/news\\\/#\\\/schema\\\/logo\\\/image\\\/\",\"url\":\"https:\\\/\\\/www.landwirt.com\\\/news\\\/wp-content\\\/uploads\\\/2020\\\/02\\\/LW-logo.png\",\"contentUrl\":\"https:\\\/\\\/www.landwirt.com\\\/news\\\/wp-content\\\/uploads\\\/2020\\\/02\\\/LW-logo.png\",\"width\":250,\"height\":58,\"caption\":\"LANDWIRT.COM GMBH\"},\"image\":{\"@id\":\"https:\\\/\\\/www.landwirt.com\\\/news\\\/#\\\/schema\\\/logo\\\/image\\\/\"}}]}<\/script>\n<!-- \/ Yoast SEO plugin. -->","yoast_head_json":{"title":"Suchen, finden und inserieren mit der Landwirt.com App - Landwirt.com News","robots":{"index":"index","follow":"follow","max-snippet":"max-snippet:-1","max-image-preview":"max-image-preview:large","max-video-preview":"max-video-preview:-1"},"og_locale":"de_DE","og_type":"article","og_title":"Suchen, finden und inserieren mit der Landwirt.com App - Landwirt.com News","og_url":"https:\/\/www.landwirt.com\/news\/mobile\/","og_site_name":"Landwirt.com News","article_modified_time":"2025-10-23T09:35:28+00:00","twitter_card":"summary_large_image","twitter_misc":{"Gesch\u00e4tzte Lesezeit":"4 Minuten"},"schema":{"@context":"https:\/\/schema.org","@graph":[{"@type":"WebPage","@id":"https:\/\/www.landwirt.com\/news\/mobile\/","url":"https:\/\/www.landwirt.com\/news\/mobile\/","name":"Suchen, finden und inserieren mit der Landwirt.com App - Landwirt.com News","isPartOf":{"@id":"https:\/\/www.landwirt.com\/news\/#website"},"datePublished":"2021-06-29T10:12:19+00:00","dateModified":"2025-10-23T09:35:28+00:00","breadcrumb":{"@id":"https:\/\/www.landwirt.com\/news\/mobile\/#breadcrumb"},"inLanguage":"de-AT","potentialAction":[{"@type":"ReadAction","target":["https:\/\/www.landwirt.com\/news\/mobile\/"]}]},{"@type":"BreadcrumbList","@id":"https:\/\/www.landwirt.com\/news\/mobile\/#breadcrumb","itemListElement":[{"@type":"ListItem","position":1,"name":"Home","item":"https:\/\/www.landwirt.com\/news\/home\/"},{"@type":"ListItem","position":2,"name":"Suchen, finden und inserieren mit der Landwirt.com App"}]},{"@type":"WebSite","@id":"https:\/\/www.landwirt.com\/news\/#website","url":"https:\/\/www.landwirt.com\/news\/","name":"Landwirt.com News","description":"Landwirt.com News","publisher":{"@id":"https:\/\/www.landwirt.com\/news\/#organization"},"potentialAction":[{"@type":"SearchAction","target":{"@type":"EntryPoint","urlTemplate":"https:\/\/www.landwirt.com\/news\/?s={search_term_string}"},"query-input":{"@type":"PropertyValueSpecification","valueRequired":true,"valueName":"search_term_string"}}],"inLanguage":"de-AT"},{"@type":"Organization","@id":"https:\/\/www.landwirt.com\/news\/#organization","name":"LANDWIRT.COM GMBH","url":"https:\/\/www.landwirt.com\/news\/","logo":{"@type":"ImageObject","inLanguage":"de-AT","@id":"https:\/\/www.landwirt.com\/news\/#\/schema\/logo\/image\/","url":"https:\/\/www.landwirt.com\/news\/wp-content\/uploads\/2020\/02\/LW-logo.png","contentUrl":"https:\/\/www.landwirt.com\/news\/wp-content\/uploads\/2020\/02\/LW-logo.png","width":250,"height":58,"caption":"LANDWIRT.COM GMBH"},"image":{"@id":"https:\/\/www.landwirt.com\/news\/#\/schema\/logo\/image\/"}}]}},"_links":{"self":[{"href":"https:\/\/www.landwirt.com\/news\/wp-json\/wp\/v2\/pages\/6568","targetHints":{"allow":["GET"]}}],"collection":[{"href":"https:\/\/www.landwirt.com\/news\/wp-json\/wp\/v2\/pages"}],"about":[{"href":"https:\/\/www.landwirt.com\/news\/wp-json\/wp\/v2\/types\/page"}],"author":[{"embeddable":true,"href":"https:\/\/www.landwirt.com\/news\/wp-json\/wp\/v2\/users\/3"}],"replies":[{"embeddable":true,"href":"https:\/\/www.landwirt.com\/news\/wp-json\/wp\/v2\/comments?post=6568"}],"version-history":[{"count":8,"href":"https:\/\/www.landwirt.com\/news\/wp-json\/wp\/v2\/pages\/6568\/revisions"}],"predecessor-version":[{"id":11862,"href":"https:\/\/www.landwirt.com\/news\/wp-json\/wp\/v2\/pages\/6568\/revisions\/11862"}],"wp:attachment":[{"href":"https:\/\/www.landwirt.com\/news\/wp-json\/wp\/v2\/media?parent=6568"}],"curies":[{"name":"wp","href":"https:\/\/api.w.org\/{rel}","templated":true}]}}