{"id":6551,"date":"2021-06-29T11:00:43","date_gmt":"2021-06-29T09:00:43","guid":{"rendered":"https:\/\/www.landwirt.com\/news\/?page_id=6551"},"modified":"2026-04-07T12:47:22","modified_gmt":"2026-04-07T10:47:22","slug":"tiere","status":"publish","type":"page","link":"https:\/\/www.landwirt.com\/news\/tiere\/","title":{"rendered":"Tierverordnung: Informationen!"},"content":{"rendered":"\n<style type=\"text\/css\" data-created_by=\"avia_inline_auto\" id=\"style-css-av-kqhtk1ui-b4c916223970bd4322202d75dfe5b2b7\">\n#top .av-special-heading.av-kqhtk1ui-b4c916223970bd4322202d75dfe5b2b7{\npadding-bottom:10px;\n}\nbody .av-special-heading.av-kqhtk1ui-b4c916223970bd4322202d75dfe5b2b7 .av-special-heading-tag .heading-char{\nfont-size:25px;\n}\n.av-special-heading.av-kqhtk1ui-b4c916223970bd4322202d75dfe5b2b7 .av-subheading{\nfont-size:15px;\n}\n<\/style>\n<div  class='av-special-heading av-kqhtk1ui-b4c916223970bd4322202d75dfe5b2b7 av-special-heading-h1 blockquote modern-quote modern-centered  avia-builder-el-0  el_before_av_hr  avia-builder-el-first '><h1 class='av-special-heading-tag '  itemprop=\"headline\"  >Tierverordnung: Informationen!<\/h1><div class=\"special-heading-border\"><div class=\"special-heading-inner-border\"><\/div><\/div><\/div>\n<div  class='hr av-2cvwrr-1bdab73ea8ec866a8343399b795276e3 hr-default  avia-builder-el-1  el_after_av_heading  el_before_av_textblock '><span class='hr-inner '><span class=\"hr-inner-style\"><\/span><\/span><\/div>\n<section  class='av_textblock_section av-kqhtkunr-d8c4fab5ba6c0b144d239401fa669c43 '   itemscope=\"itemscope\" itemtype=\"https:\/\/schema.org\/CreativeWork\" ><div class='avia_textblock'  itemprop=\"text\" ><p>Aufgrund des Tierschutzgesetzes ist es nur noch berechtigten Personen (Z\u00fcchtern) erlaubt, Hunde und Katzen auf Internetplattformen zu schalten. Dazu z\u00e4hlen beh\u00f6rdlich gemeldete Tierz\u00fcchter, Tierschutzvereine und Zoofachh\u00e4ndler. Allen anderen Personen ist der Handel mit Hunden und Katzen, beziehungsweise das Anbieten dieser Tiere, verboten.<\/p>\n<p>Die Schaltung dieser Tieranzeigen ist aus diesem Grund zuk\u00fcnftig nur dann m\u00f6glich, wenn Sie entsprechende Berechtigungsnachweise an <strong><a href=\"mailto:tiere@landwirt.com\">tiere@landwirt.com<\/a><\/strong> \u00fcbermitteln.<\/p>\n<p><strong>Folgende Dokumente werden ben\u00f6tigt:<\/strong><\/p>\n<ul>\n<li>eine beh\u00f6rdliche Zuchtbest\u00e4tigung<\/li>\n<li>einen g\u00fcltigen Lichtbildausweis<\/li>\n<li>das unterzeichnete Dokument \u00fcber die Tierschutzgesetz-Novelle<br \/>\n<strong><a href=\"https:\/\/www.landwirt.com\/news\/wp-content\/uploads\/2026\/04\/Inserieren-von-Tier-Anzeigen.pdf\" target=\"_blank\" rel=\"noopener\">hier als .pdf f\u00fcr \u00d6sterreich herunterladen<\/a><\/strong><br \/>\n<strong><a href=\"https:\/\/www.landwirt.com\/news\/wp-content\/uploads\/2023\/06\/Inserieren-von-Tier-Anzeigen-DE.pdf\" target=\"_blank\" rel=\"noopener\">hier als .pdf f\u00fcr Deutschland herunterladen<\/a><\/strong><\/li>\n<\/ul>\n<h3><strong>Wichtig!<\/strong><br \/>\n<strong> Z\u00fcchter: Welpen d\u00fcrfen erst ab einem Alter von \u00fcber acht Wochen abgegeben werden. Katzenbabys d\u00fcrfen auf Landwirt.com erst ab 12 Wochen abgegeben werden.<\/strong><\/h3>\n<p>Lassen Sie uns alle Best\u00e4tigungen schnellstm\u00f6glich an <strong><a href=\"mailto:tiere@landwirt.com\">tiere@landwirt.com<\/a><\/strong> zukommen. Unbest\u00e4tigte Anzeigen werden ansonsten unwiderruflich von uns gel\u00f6scht.<\/p>\n<\/div><\/section>\n","protected":false},"excerpt":{"rendered":"","protected":false},"author":3,"featured_media":0,"parent":0,"menu_order":12,"comment_status":"closed","ping_status":"closed","template":"","meta":{"footnotes":""},"class_list":["post-6551","page","type-page","status-publish","hentry"],"yoast_head":"<!-- This site is optimized with the Yoast SEO plugin v27.3 - https:\/\/yoast.com\/product\/yoast-seo-wordpress\/ -->\n<title>Tierverordnung: Informationen! - Landwirt.com News<\/title>\n<meta name=\"robots\" content=\"index, follow, max-snippet:-1, max-image-preview:large, max-video-preview:-1\" \/>\n<meta property=\"og:locale\" content=\"de_DE\" \/>\n<meta property=\"og:type\" content=\"article\" \/>\n<meta property=\"og:title\" content=\"Tierverordnung: Informationen! - Landwirt.com News\" \/>\n<meta property=\"og:url\" content=\"https:\/\/www.landwirt.com\/news\/tiere\/\" \/>\n<meta property=\"og:site_name\" content=\"Landwirt.com News\" \/>\n<meta property=\"article:modified_time\" content=\"2026-04-07T10:47:22+00:00\" \/>\n<meta name=\"twitter:card\" content=\"summary_large_image\" \/>\n<meta name=\"twitter:label1\" content=\"Gesch\u00e4tzte Lesezeit\" \/>\n\t<meta name=\"twitter:data1\" content=\"1 Minute\" \/>\n<script type=\"application\/ld+json\" class=\"yoast-schema-graph\">{\"@context\":\"https:\\\/\\\/schema.org\",\"@graph\":[{\"@type\":\"WebPage\",\"@id\":\"https:\\\/\\\/www.landwirt.com\\\/news\\\/tiere\\\/\",\"url\":\"https:\\\/\\\/www.landwirt.com\\\/news\\\/tiere\\\/\",\"name\":\"Tierverordnung: Informationen! - Landwirt.com News\",\"isPartOf\":{\"@id\":\"https:\\\/\\\/www.landwirt.com\\\/news\\\/#website\"},\"datePublished\":\"2021-06-29T09:00:43+00:00\",\"dateModified\":\"2026-04-07T10:47:22+00:00\",\"breadcrumb\":{\"@id\":\"https:\\\/\\\/www.landwirt.com\\\/news\\\/tiere\\\/#breadcrumb\"},\"inLanguage\":\"de-AT\",\"potentialAction\":[{\"@type\":\"ReadAction\",\"target\":[\"https:\\\/\\\/www.landwirt.com\\\/news\\\/tiere\\\/\"]}]},{\"@type\":\"BreadcrumbList\",\"@id\":\"https:\\\/\\\/www.landwirt.com\\\/news\\\/tiere\\\/#breadcrumb\",\"itemListElement\":[{\"@type\":\"ListItem\",\"position\":1,\"name\":\"Home\",\"item\":\"https:\\\/\\\/www.landwirt.com\\\/news\\\/home\\\/\"},{\"@type\":\"ListItem\",\"position\":2,\"name\":\"Tierverordnung: Informationen!\"}]},{\"@type\":\"WebSite\",\"@id\":\"https:\\\/\\\/www.landwirt.com\\\/news\\\/#website\",\"url\":\"https:\\\/\\\/www.landwirt.com\\\/news\\\/\",\"name\":\"Landwirt.com News\",\"description\":\"Landwirt.com News\",\"publisher\":{\"@id\":\"https:\\\/\\\/www.landwirt.com\\\/news\\\/#organization\"},\"potentialAction\":[{\"@type\":\"SearchAction\",\"target\":{\"@type\":\"EntryPoint\",\"urlTemplate\":\"https:\\\/\\\/www.landwirt.com\\\/news\\\/?s={search_term_string}\"},\"query-input\":{\"@type\":\"PropertyValueSpecification\",\"valueRequired\":true,\"valueName\":\"search_term_string\"}}],\"inLanguage\":\"de-AT\"},{\"@type\":\"Organization\",\"@id\":\"https:\\\/\\\/www.landwirt.com\\\/news\\\/#organization\",\"name\":\"LANDWIRT.COM GMBH\",\"url\":\"https:\\\/\\\/www.landwirt.com\\\/news\\\/\",\"logo\":{\"@type\":\"ImageObject\",\"inLanguage\":\"de-AT\",\"@id\":\"https:\\\/\\\/www.landwirt.com\\\/news\\\/#\\\/schema\\\/logo\\\/image\\\/\",\"url\":\"https:\\\/\\\/www.landwirt.com\\\/news\\\/wp-content\\\/uploads\\\/2020\\\/02\\\/LW-logo.png\",\"contentUrl\":\"https:\\\/\\\/www.landwirt.com\\\/news\\\/wp-content\\\/uploads\\\/2020\\\/02\\\/LW-logo.png\",\"width\":250,\"height\":58,\"caption\":\"LANDWIRT.COM GMBH\"},\"image\":{\"@id\":\"https:\\\/\\\/www.landwirt.com\\\/news\\\/#\\\/schema\\\/logo\\\/image\\\/\"}}]}<\/script>\n<!-- \/ Yoast SEO plugin. -->","yoast_head_json":{"title":"Tierverordnung: Informationen! - Landwirt.com News","robots":{"index":"index","follow":"follow","max-snippet":"max-snippet:-1","max-image-preview":"max-image-preview:large","max-video-preview":"max-video-preview:-1"},"og_locale":"de_DE","og_type":"article","og_title":"Tierverordnung: Informationen! - Landwirt.com News","og_url":"https:\/\/www.landwirt.com\/news\/tiere\/","og_site_name":"Landwirt.com News","article_modified_time":"2026-04-07T10:47:22+00:00","twitter_card":"summary_large_image","twitter_misc":{"Gesch\u00e4tzte Lesezeit":"1 Minute"},"schema":{"@context":"https:\/\/schema.org","@graph":[{"@type":"WebPage","@id":"https:\/\/www.landwirt.com\/news\/tiere\/","url":"https:\/\/www.landwirt.com\/news\/tiere\/","name":"Tierverordnung: Informationen! - Landwirt.com News","isPartOf":{"@id":"https:\/\/www.landwirt.com\/news\/#website"},"datePublished":"2021-06-29T09:00:43+00:00","dateModified":"2026-04-07T10:47:22+00:00","breadcrumb":{"@id":"https:\/\/www.landwirt.com\/news\/tiere\/#breadcrumb"},"inLanguage":"de-AT","potentialAction":[{"@type":"ReadAction","target":["https:\/\/www.landwirt.com\/news\/tiere\/"]}]},{"@type":"BreadcrumbList","@id":"https:\/\/www.landwirt.com\/news\/tiere\/#breadcrumb","itemListElement":[{"@type":"ListItem","position":1,"name":"Home","item":"https:\/\/www.landwirt.com\/news\/home\/"},{"@type":"ListItem","position":2,"name":"Tierverordnung: Informationen!"}]},{"@type":"WebSite","@id":"https:\/\/www.landwirt.com\/news\/#website","url":"https:\/\/www.landwirt.com\/news\/","name":"Landwirt.com News","description":"Landwirt.com News","publisher":{"@id":"https:\/\/www.landwirt.com\/news\/#organization"},"potentialAction":[{"@type":"SearchAction","target":{"@type":"EntryPoint","urlTemplate":"https:\/\/www.landwirt.com\/news\/?s={search_term_string}"},"query-input":{"@type":"PropertyValueSpecification","valueRequired":true,"valueName":"search_term_string"}}],"inLanguage":"de-AT"},{"@type":"Organization","@id":"https:\/\/www.landwirt.com\/news\/#organization","name":"LANDWIRT.COM GMBH","url":"https:\/\/www.landwirt.com\/news\/","logo":{"@type":"ImageObject","inLanguage":"de-AT","@id":"https:\/\/www.landwirt.com\/news\/#\/schema\/logo\/image\/","url":"https:\/\/www.landwirt.com\/news\/wp-content\/uploads\/2020\/02\/LW-logo.png","contentUrl":"https:\/\/www.landwirt.com\/news\/wp-content\/uploads\/2020\/02\/LW-logo.png","width":250,"height":58,"caption":"LANDWIRT.COM GMBH"},"image":{"@id":"https:\/\/www.landwirt.com\/news\/#\/schema\/logo\/image\/"}}]}},"_links":{"self":[{"href":"https:\/\/www.landwirt.com\/news\/wp-json\/wp\/v2\/pages\/6551","targetHints":{"allow":["GET"]}}],"collection":[{"href":"https:\/\/www.landwirt.com\/news\/wp-json\/wp\/v2\/pages"}],"about":[{"href":"https:\/\/www.landwirt.com\/news\/wp-json\/wp\/v2\/types\/page"}],"author":[{"embeddable":true,"href":"https:\/\/www.landwirt.com\/news\/wp-json\/wp\/v2\/users\/3"}],"replies":[{"embeddable":true,"href":"https:\/\/www.landwirt.com\/news\/wp-json\/wp\/v2\/comments?post=6551"}],"version-history":[{"count":11,"href":"https:\/\/www.landwirt.com\/news\/wp-json\/wp\/v2\/pages\/6551\/revisions"}],"predecessor-version":[{"id":21841,"href":"https:\/\/www.landwirt.com\/news\/wp-json\/wp\/v2\/pages\/6551\/revisions\/21841"}],"wp:attachment":[{"href":"https:\/\/www.landwirt.com\/news\/wp-json\/wp\/v2\/media?parent=6551"}],"curies":[{"name":"wp","href":"https:\/\/api.w.org\/{rel}","templated":true}]}}